{"id":15,"date":"2012-06-08T18:27:19","date_gmt":"2012-06-08T18:27:19","guid":{"rendered":"http:\/\/exbackexperts.com\/affiliates\/?page_id=15"},"modified":"2022-08-17T22:53:07","modified_gmt":"2022-08-17T22:53:07","slug":"welcome-to-the-ex-back-experts-affiliate-center","status":"publish","type":"page","link":"https:\/\/enamoraatuex.com\/afiliados\/","title":{"rendered":""},"content":{"rendered":"\n<figure class=\"wp-block-image\"><img src=\"https:\/\/enamoraatuex.com\/afiliados\/wp-content\/uploads\/2020\/04\/Palm-Tree-with-loungers-and-an-umbrella-similar-to-beaches-in-Fujairah-15.01.2020.jpg\" alt=\"\" class=\"wp-image-138\"\/><\/figure>\n\n\n<p style=\"text-align: left;\"><strong>\u00a1Bienvenido al Centro de Afiliados de Enamora a tu Ex!<\/strong><\/p>\n<p style=\"text-align: left;\">Aqu\u00ed encontrar\u00e1s material promocional de alta calidad para promover esta FANT\u00c1STICA oferta.<\/p>\n<ul style=\"text-align: left;\">\n<li>\u00a1Recibir\u00e1s 75% de comisi\u00f3n por cada venta!<\/li>\n<\/ul>\n<p style=\"text-align: left;\">El video de ventas est\u00e1 en el Top de las mejores ofertas de Clickbank.<\/p>\n<p style=\"text-align: left;\">\u00a1La conversi\u00f3n de este video es IMPRESIONANTE!<\/p>\n<p style=\"text-align: left;\">Estos son los links para promover el producto (Reemplaza la parte que dice &#8220;TU-ID-DE-CLICKBANK):<\/p>\n<div id=\"text-affilite\" style=\"margin-bottom: 30px;\">\n<div class=\"\">\n<div class=\"row\">\u00a0<\/div>\n<\/div>\n<\/div>\n<ul style=\"text-align: left;\">\n<li><strong>P\u00e1gina neutral de g\u00e9neros para permitir al visitante elegir si es hombre o mujer.<\/strong>\n<ul>\n<li><span style=\"color: #0000ff;\"><a style=\"color: #0000ff;\" href=\"https:\/\/enamoraatuex.com\/\" target=\"_blank\" rel=\"noopener noreferrer\">https:\/\/enamoraatuex.com\/<\/a><\/span><\/li>\n<li>\n<p id=\"aff-link\">https:\/\/hop.clickbank.net\/?affiliate=TU-ID-DE-CLICKBANK&#038;vendor=espexback&#038;cbpage=unisex<\/p>\n<\/li>\n<\/ul>\n<\/li>\n<\/ul>\n<ul style=\"text-align: left;\">\n<li><strong>Enamora a tu Ex para hombres &#8211; Video de ventas de alta conversi\u00f3n, donde se revela a los hombres secretos para regresar con sus EXs.<\/strong>\n<ul>\n<li><span style=\"color: #0000ff;\"><a style=\"color: #0000ff;\" href=\"https:\/\/eljuegodelaseduccion.clickfunnels.com\/enamora-a-tu-exnovia\" target=\"_blank\" rel=\"noopener noreferrer\">https:\/\/eljuegodelaseduccion.clickfunnels.com\/enamora-a-tu-exnovia<\/a><\/span><\/li>\n<li>\n<p>https:\/\/hop.clickbank.net\/?affiliate=TU-ID-DE-CLICKBANK&#038;vendor=espexback&#038;cbpage=exnovia<\/p>\n<\/li>\n<\/ul>\n<\/li>\n<\/ul>\n<ul style=\"text-align: left;\">\n<li><strong><strong>Enamora a tu Ex para mujeres &#8211; Video de ventas de alta conversi\u00f3n, donde se revela a las mujeres secretos para regresar con sus EXs.<\/strong><\/strong>\n<ul>\n<li><span style=\"color: #0000ff;\"><a style=\"color: #0000ff;\" href=\"https:\/\/eljuegodelaseduccion.clickfunnels.com\/enamora-a-tu-exnovio\" target=\"_blank\" rel=\"noopener noreferrer\">https:\/\/eljuegodelaseduccion.clickfunnels.com\/enamora-a-tu-exnovio<\/a><\/span><\/li>\n<li>\n<p id=\"aff-link\">https:\/\/hop.clickbank.net\/?affiliate=TU-ID-DE-CLICKBANK&#038;vendor=espexback&#038;cbpage=exnovio<\/p>\n<\/li>\n<\/ul>\n<\/li>\n<\/ul>\n<p style=\"text-align: left;\">\u00a0<\/p>\n<p style=\"text-align: left;\">Nos interesa que tengas \u00e9xito en la promoci\u00f3n, as\u00ed que env\u00edanos un email si necesitas algo: enamoraatuex@gmail.com<\/p>\n<p>\u00a0<\/p>","protected":false},"excerpt":{"rendered":"<p>\u00a1Bienvenido al Centro de Afiliados de Enamora a tu Ex! Aqu\u00ed encontrar\u00e1s material promocional de alta calidad para promover esta FANT\u00c1STICA oferta. \u00a1Recibir\u00e1s 75% de comisi\u00f3n por cada venta! El video de ventas est\u00e1 en el Top de las mejores ofertas de Clickbank. \u00a1La conversi\u00f3n de este video es IMPRESIONANTE! Estos son los links para [&hellip;]<\/p>\n","protected":false},"author":1,"featured_media":0,"parent":0,"menu_order":0,"comment_status":"closed","ping_status":"closed","template":"fullwidth.php","meta":[],"_links":{"self":[{"href":"https:\/\/enamoraatuex.com\/afiliados\/wp-json\/wp\/v2\/pages\/15"}],"collection":[{"href":"https:\/\/enamoraatuex.com\/afiliados\/wp-json\/wp\/v2\/pages"}],"about":[{"href":"https:\/\/enamoraatuex.com\/afiliados\/wp-json\/wp\/v2\/types\/page"}],"author":[{"embeddable":true,"href":"https:\/\/enamoraatuex.com\/afiliados\/wp-json\/wp\/v2\/users\/1"}],"replies":[{"embeddable":true,"href":"https:\/\/enamoraatuex.com\/afiliados\/wp-json\/wp\/v2\/comments?post=15"}],"version-history":[{"count":37,"href":"https:\/\/enamoraatuex.com\/afiliados\/wp-json\/wp\/v2\/pages\/15\/revisions"}],"predecessor-version":[{"id":306,"href":"https:\/\/enamoraatuex.com\/afiliados\/wp-json\/wp\/v2\/pages\/15\/revisions\/306"}],"wp:attachment":[{"href":"https:\/\/enamoraatuex.com\/afiliados\/wp-json\/wp\/v2\/media?parent=15"}],"curies":[{"name":"wp","href":"https:\/\/api.w.org\/{rel}","templated":true}]}}